{"id":33384,"date":"2022-07-12T11:41:59","date_gmt":"2022-07-12T09:41:59","guid":{"rendered":"https:\/\/opaline-factory.ch\/faq\/"},"modified":"2024-11-04T16:09:26","modified_gmt":"2024-11-04T15:09:26","slug":"faq","status":"publish","type":"page","link":"https:\/\/www.opaline-factory.ch\/de\/faq\/","title":{"rendered":"H\u00e4ufig gestellte Fragen"},"content":{"rendered":"\t\t<div data-elementor-type=\"wp-page\" data-elementor-id=\"33384\" class=\"elementor elementor-33384 elementor-30708\" data-elementor-post-type=\"page\">\n\t\t\t\t<div class=\"elementor-element elementor-element-c92da38 e-con-full e-flex e-con e-parent\" data-id=\"c92da38\" data-element_type=\"container\" data-settings=\"{&quot;jet_parallax_layout_list&quot;:[]}\">\n\t\t\t\t<div class=\"elementor-element elementor-element-3d831d5 elementor-widget elementor-widget-template\" data-id=\"3d831d5\" data-element_type=\"widget\" data-widget_type=\"template.default\">\n\t\t\t\t<div class=\"elementor-widget-container\">\n\t\t\t\t\t<div class=\"elementor-template\">\n\t\t\t\t\t<div data-elementor-type=\"container\" data-elementor-id=\"31818\" class=\"elementor elementor-31818 elementor-31737\" data-elementor-post-type=\"elementor_library\">\n\t\t\t\t<div class=\"elementor-element elementor-element-4a7d5728 e-con-full e-flex e-con e-parent\" data-id=\"4a7d5728\" data-element_type=\"container\" data-settings=\"{&quot;background_background&quot;:&quot;classic&quot;,&quot;jet_parallax_layout_list&quot;:[]}\">\n\t\t\t\t<div class=\"elementor-element elementor-element-248d92dc elementor-widget__width-inherit elementor-widget elementor-widget-spacer\" data-id=\"248d92dc\" data-element_type=\"widget\" data-widget_type=\"spacer.default\">\n\t\t\t\t<div class=\"elementor-widget-container\">\n\t\t\t<style>\/*! elementor - v3.23.0 - 23-07-2024 *\/\n.elementor-column .elementor-spacer-inner{height:var(--spacer-size)}.e-con{--container-widget-width:100%}.e-con-inner>.elementor-widget-spacer,.e-con>.elementor-widget-spacer{width:var(--container-widget-width,var(--spacer-size));--align-self:var(--container-widget-align-self,initial);--flex-shrink:0}.e-con-inner>.elementor-widget-spacer>.elementor-widget-container,.e-con>.elementor-widget-spacer>.elementor-widget-container{height:100%;width:100%}.e-con-inner>.elementor-widget-spacer>.elementor-widget-container>.elementor-spacer,.e-con>.elementor-widget-spacer>.elementor-widget-container>.elementor-spacer{height:100%}.e-con-inner>.elementor-widget-spacer>.elementor-widget-container>.elementor-spacer>.elementor-spacer-inner,.e-con>.elementor-widget-spacer>.elementor-widget-container>.elementor-spacer>.elementor-spacer-inner{height:var(--container-widget-height,var(--spacer-size))}.e-con-inner>.elementor-widget-spacer.elementor-widget-empty,.e-con>.elementor-widget-spacer.elementor-widget-empty{position:relative;min-height:22px;min-width:22px}.e-con-inner>.elementor-widget-spacer.elementor-widget-empty .elementor-widget-empty-icon,.e-con>.elementor-widget-spacer.elementor-widget-empty .elementor-widget-empty-icon{position:absolute;top:0;bottom:0;left:0;right:0;margin:auto;padding:0;width:22px;height:22px}<\/style>\t\t<div class=\"elementor-spacer\">\n\t\t\t<div class=\"elementor-spacer-inner\"><\/div>\n\t\t<\/div>\n\t\t\t\t<\/div>\n\t\t\t\t<\/div>\n\t\t<div class=\"elementor-element elementor-element-7cfc304b e-con-full e-flex e-con e-parent\" data-id=\"7cfc304b\" data-element_type=\"container\" data-settings=\"{&quot;jet_parallax_layout_list&quot;:[]}\">\n\t\t\t\t<div class=\"elementor-element elementor-element-2136ff77 e-transform elementor-widget__width-inherit elementor-absolute opaline-separator elementor-widget elementor-widget-jet-inline-svg\" data-id=\"2136ff77\" data-element_type=\"widget\" data-settings=\"{&quot;_transform_rotateZ_effect&quot;:{&quot;unit&quot;:&quot;px&quot;,&quot;size&quot;:180,&quot;sizes&quot;:[]},&quot;_position&quot;:&quot;absolute&quot;,&quot;_transform_rotateZ_effect_widescreen&quot;:{&quot;unit&quot;:&quot;deg&quot;,&quot;size&quot;:&quot;&quot;,&quot;sizes&quot;:[]},&quot;_transform_rotateZ_effect_laptop&quot;:{&quot;unit&quot;:&quot;deg&quot;,&quot;size&quot;:&quot;&quot;,&quot;sizes&quot;:[]},&quot;_transform_rotateZ_effect_tablet&quot;:{&quot;unit&quot;:&quot;deg&quot;,&quot;size&quot;:&quot;&quot;,&quot;sizes&quot;:[]},&quot;_transform_rotateZ_effect_mobile&quot;:{&quot;unit&quot;:&quot;deg&quot;,&quot;size&quot;:&quot;&quot;,&quot;sizes&quot;:[]}}\" data-widget_type=\"jet-inline-svg.default\">\n\t\t\t\t<div class=\"elementor-widget-container\">\n\t\t\t<div class=\"elementor-jet-inline-svg jet-elements\"><div class=\"jet-inline-svg__wrapper\"><div class=\"jet-inline-svg jet-inline-svg--custom-width jet-inline-svg--custom-color\"><div class=\"jet-inline-svg__inner\"><svg xmlns=\"http:\/\/www.w3.org\/2000\/svg\" xmlns:xlink=\"http:\/\/www.w3.org\/1999\/xlink\" id=\"Calque_1\" x=\"0px\" y=\"0px\" viewBox=\"0 0 800 35\" style=\"enable-background:new 0 0 800 35;\" xml:space=\"preserve\"><g>\t<g id=\"Groupe_88\">\t\t<path id=\"Trac&#xE9;_1060\" d=\"M800-0.0006249v33c-14.0456543-1.6640587-28.5244141-2.8157158-43.3525391-3.4705925   c-14.833252-0.6715393-28.5951538-1.4765949-41.2855835-2.4151688   c-19.7175903-1.7913265-39.4554443-3.4014378-59.2137451-4.8303337   c-19.7329102-1.4418087-39.4872437-2.7144852-59.2631226-3.8180275   c-22.5328979-1.8500671-44.4274902-2.8321714-65.6837158-2.9463177   c-21.2295532-0.1303911-43.1785278-0.1006069-65.8468628,0.0893583   c-21.2829285,0.8814993-42.1706543,0.9337797-62.6631165,0.1568451   c-20.4621277-0.7944336-40.6431274-0.726737-60.5431519,0.2030869   c-9.9116821,0.4490824-19.5027466,1.0833368-28.7731628,1.9027662   c-10.2589111,0.8412209-20.5559692,1.1242943-30.8456421,0.8479633c-7.0205994-0.8329659-14.789978-1.5072136-23.254364-2.021492   c-8.4861908-0.5317135-16.9968567-0.5477848-25.4850006-0.0481148   c-19.8583374,0.9106617-40.0927124,1.9894142-60.703125,3.2362614c-20.5762329,1.229351-40.8118744,2.3081055-60.706871,3.2362633   c-19.0976105,0.9297276-38.2369995,0.5141888-57.2762451-1.243515C36.7909088,20.1225834,18.3946457,19.3853493,0,19.6700249   V-0.0006249H800z\"><\/path>\t<\/g><\/g><\/svg><\/div><\/div><\/div><\/div>\t\t<\/div>\n\t\t\t\t<\/div>\n\t\t\t\t<\/div>\n\t\t<div class=\"elementor-element elementor-element-5556acf7 e-flex e-con-boxed e-con e-parent\" data-id=\"5556acf7\" data-element_type=\"container\" data-settings=\"{&quot;background_background&quot;:&quot;classic&quot;,&quot;jet_parallax_layout_list&quot;:[]}\">\n\t\t\t\t\t<div class=\"e-con-inner\">\n\t\t\t\t<div class=\"elementor-element elementor-element-5d2dc378 isidora elementor-widget__width-inherit elementor-widget elementor-widget-heading\" data-id=\"5d2dc378\" data-element_type=\"widget\" data-widget_type=\"heading.default\">\n\t\t\t\t<div class=\"elementor-widget-container\">\n\t\t\t<style>\/*! elementor - v3.23.0 - 23-07-2024 *\/\n.elementor-heading-title{padding:0;margin:0;line-height:1}.elementor-widget-heading .elementor-heading-title[class*=elementor-size-]>a{color:inherit;font-size:inherit;line-height:inherit}.elementor-widget-heading .elementor-heading-title.elementor-size-small{font-size:15px}.elementor-widget-heading .elementor-heading-title.elementor-size-medium{font-size:19px}.elementor-widget-heading .elementor-heading-title.elementor-size-large{font-size:29px}.elementor-widget-heading .elementor-heading-title.elementor-size-xl{font-size:39px}.elementor-widget-heading .elementor-heading-title.elementor-size-xxl{font-size:59px}<\/style><h1 class=\"elementor-heading-title elementor-size-default\">H\u00e4ufig gestellte Fragen<\/h1>\t\t<\/div>\n\t\t\t\t<\/div>\n\t\t\t\t\t<\/div>\n\t\t\t\t<\/div>\n\t\t\t\t<\/div>\n\t\t\t\t<\/div>\n\t\t\t\t<\/div>\n\t\t\t\t<\/div>\n\t\t\t\t<\/div>\n\t\t\t\t<\/div>\n\t\t<div class=\"elementor-element elementor-element-2f16a5c e-flex e-con-boxed e-con e-parent\" data-id=\"2f16a5c\" data-element_type=\"container\" data-settings=\"{&quot;jet_parallax_layout_list&quot;:[]}\">\n\t\t\t\t\t<div class=\"e-con-inner\">\n\t\t\t\t<div class=\"elementor-element elementor-element-040139b elementor-widget elementor-widget-text-editor\" data-id=\"040139b\" data-element_type=\"widget\" data-widget_type=\"text-editor.default\">\n\t\t\t\t<div class=\"elementor-widget-container\">\n\t\t\t<style>\/*! elementor - v3.23.0 - 23-07-2024 *\/\n.elementor-widget-text-editor.elementor-drop-cap-view-stacked .elementor-drop-cap{background-color:#69727d;color:#fff}.elementor-widget-text-editor.elementor-drop-cap-view-framed .elementor-drop-cap{color:#69727d;border:3px solid;background-color:transparent}.elementor-widget-text-editor:not(.elementor-drop-cap-view-default) .elementor-drop-cap{margin-top:8px}.elementor-widget-text-editor:not(.elementor-drop-cap-view-default) .elementor-drop-cap-letter{width:1em;height:1em}.elementor-widget-text-editor .elementor-drop-cap{float:left;text-align:center;line-height:1;font-size:50px}.elementor-widget-text-editor .elementor-drop-cap-letter{display:inline-block}<\/style>\t\t\t\t<p><strong>Diese Seite ist f\u00fcr Ihre Fragen bestimmt. Wir werden sie nach und nach erg\u00e4nzen, also besuchen Sie\u00a0sie ruhig \u00f6fters.<\/strong><\/p>\n\t\t\t\t\t\t<\/div>\n\t\t\t\t<\/div>\n\t\t\t\t<div class=\"elementor-element elementor-element-d100fe7 elementor-widget elementor-widget-toggle\" data-id=\"d100fe7\" data-element_type=\"widget\" data-widget_type=\"toggle.default\">\n\t\t\t\t<div class=\"elementor-widget-container\">\n\t\t\t<style>.elementor-toggle{text-align:start}.elementor-toggle .elementor-tab-title{font-weight:700;line-height:1;margin:0;padding:15px;border-bottom:1px solid #d5d8dc;cursor:pointer;outline:none}.elementor-toggle .elementor-tab-title .elementor-toggle-icon{display:inline-block;width:1em}.elementor-toggle .elementor-tab-title .elementor-toggle-icon svg{margin-inline-start:-5px;width:1em;height:1em}.elementor-toggle .elementor-tab-title .elementor-toggle-icon.elementor-toggle-icon-right{float:right;text-align:right}.elementor-toggle .elementor-tab-title .elementor-toggle-icon.elementor-toggle-icon-left{float:left;text-align:left}.elementor-toggle .elementor-tab-title .elementor-toggle-icon .elementor-toggle-icon-closed{display:block}.elementor-toggle .elementor-tab-title .elementor-toggle-icon .elementor-toggle-icon-opened{display:none}.elementor-toggle .elementor-tab-title.elementor-active{border-bottom:none}.elementor-toggle .elementor-tab-title.elementor-active .elementor-toggle-icon-closed{display:none}.elementor-toggle .elementor-tab-title.elementor-active .elementor-toggle-icon-opened{display:block}.elementor-toggle .elementor-tab-content{padding:15px;border-bottom:1px solid #d5d8dc;display:none}@media (max-width:767px){.elementor-toggle .elementor-tab-title{padding:12px}.elementor-toggle .elementor-tab-content{padding:12px 10px}}.e-con-inner>.elementor-widget-toggle,.e-con>.elementor-widget-toggle{width:var(--container-widget-width);--flex-grow:var(--container-widget-flex-grow)}<\/style>\t\t<div class=\"elementor-toggle\">\n\t\t\t\t\t\t\t<div class=\"elementor-toggle-item\">\n\t\t\t\t\t<div id=\"elementor-tab-title-2191\" class=\"elementor-tab-title\" data-tab=\"1\" role=\"button\" aria-controls=\"elementor-tab-content-2191\" aria-expanded=\"false\">\n\t\t\t\t\t\t\t\t\t\t\t\t<span class=\"elementor-toggle-icon elementor-toggle-icon-right\" aria-hidden=\"true\">\n\t\t\t\t\t\t\t\t\t\t\t\t\t\t\t<span class=\"elementor-toggle-icon-closed\"><i class=\"fas fa-caret-right\"><\/i><\/span>\n\t\t\t\t\t\t\t\t<span class=\"elementor-toggle-icon-opened\"><i class=\"elementor-toggle-icon-opened fas fa-caret-up\"><\/i><\/span>\n\t\t\t\t\t\t\t\t\t\t\t\t\t<\/span>\n\t\t\t\t\t\t\t\t\t\t\t\t<a class=\"elementor-toggle-title\" tabindex=\"0\">Wo kann ich eure Getr\u00e4nke kaufen?<\/a>\n\t\t\t\t\t<\/div>\n\n\t\t\t\t\t<div id=\"elementor-tab-content-2191\" class=\"elementor-tab-content elementor-clearfix\" data-tab=\"1\" role=\"region\" aria-labelledby=\"elementor-tab-title-2191\"><p>Unsere Getr\u00e4nke sind \u00fcber unseren <a href=\"https:\/\/opashop.edirekt.app\/fr\">Onlineshop<\/a> und in 1&#8217;300 Verkaufsstellen (Lebensmittell\u00e4den, Caf\u00e9s und Restaurants, Hotels etc.) \u00fcberall in der Schweiz erh\u00e4ltlich. Um eine Verkaufsstelle in Ihrer N\u00e4he zu finden, gehen Sie auf unsere Seite \u00ab<a href=\"https:\/\/www.opaline-factory.ch\/de\/verkaufspunkte\/\">Wo finden Sie uns?<\/a>\u00bb. Wenn Sie uns eine neue Verkaufsstelle vorschlagen oder einen Fehler melden m\u00f6chten, <a href=\"https:\/\/www.opaline-factory.ch\/de\/kontakt\/\">setzen Sie sich mit uns in Verbindung<\/a>!<\/p>\n<\/div>\n\t\t\t\t<\/div>\n\t\t\t\t\t\t\t<div class=\"elementor-toggle-item\">\n\t\t\t\t\t<div id=\"elementor-tab-title-2192\" class=\"elementor-tab-title\" data-tab=\"2\" role=\"button\" aria-controls=\"elementor-tab-content-2192\" aria-expanded=\"false\">\n\t\t\t\t\t\t\t\t\t\t\t\t<span class=\"elementor-toggle-icon elementor-toggle-icon-right\" aria-hidden=\"true\">\n\t\t\t\t\t\t\t\t\t\t\t\t\t\t\t<span class=\"elementor-toggle-icon-closed\"><i class=\"fas fa-caret-right\"><\/i><\/span>\n\t\t\t\t\t\t\t\t<span class=\"elementor-toggle-icon-opened\"><i class=\"elementor-toggle-icon-opened fas fa-caret-up\"><\/i><\/span>\n\t\t\t\t\t\t\t\t\t\t\t\t\t<\/span>\n\t\t\t\t\t\t\t\t\t\t\t\t<a class=\"elementor-toggle-title\" tabindex=\"0\">Sind eure Getr\u00e4nke wirklich zu 100 % nat\u00fcrlich?<\/a>\n\t\t\t\t\t<\/div>\n\n\t\t\t\t\t<div id=\"elementor-tab-content-2192\" class=\"elementor-tab-content elementor-clearfix\" data-tab=\"2\" role=\"region\" aria-labelledby=\"elementor-tab-title-2192\"><p>Ja! S\u00e4mtliche Zutaten unserer Getr\u00e4nke stammen aus der Natur.<\/p>\n<ul>\n<li>Bei<a href=\"https:\/\/www.opaline-factory.ch\/de\/getranke\/\"> Frucht- und Gem\u00fcses\u00e4ften<\/a> handelt es sich um 100 % Fruchtsaft.<\/li>\n<li>Bei den Nektaren handelt es sich um Fruchtfleisch, Wasser und Biozucker (die Menge variiert je nach Nektar). Wir bieten zwei Sorten an, den <a href=\"https:\/\/www.opaline-factory.ch\/de\/getranke\/aprikosennektar\/\">Aprikosennektar<\/a> und den <a href=\"https:\/\/www.opaline-factory.ch\/de\/getranke\/\">Williamsbirnennektar<\/a>).<\/li>\n<li>Unsere <a href=\"\/?types=limonaden\">Limonaden<\/a> bestehen aus Fr\u00fcchten, Wasser, Kohlens\u00e4ure und Bio-Zucker.<\/li>\n<\/ul>\n<p>Alle unsere Getr\u00e4nke sind garantiert vegan und enthalten keine Farb- und Konservierungsstoffe.<\/p>\n<\/div>\n\t\t\t\t<\/div>\n\t\t\t\t\t\t\t<div class=\"elementor-toggle-item\">\n\t\t\t\t\t<div id=\"elementor-tab-title-2193\" class=\"elementor-tab-title\" data-tab=\"3\" role=\"button\" aria-controls=\"elementor-tab-content-2193\" aria-expanded=\"false\">\n\t\t\t\t\t\t\t\t\t\t\t\t<span class=\"elementor-toggle-icon elementor-toggle-icon-right\" aria-hidden=\"true\">\n\t\t\t\t\t\t\t\t\t\t\t\t\t\t\t<span class=\"elementor-toggle-icon-closed\"><i class=\"fas fa-caret-right\"><\/i><\/span>\n\t\t\t\t\t\t\t\t<span class=\"elementor-toggle-icon-opened\"><i class=\"elementor-toggle-icon-opened fas fa-caret-up\"><\/i><\/span>\n\t\t\t\t\t\t\t\t\t\t\t\t\t<\/span>\n\t\t\t\t\t\t\t\t\t\t\t\t<a class=\"elementor-toggle-title\" tabindex=\"0\">Was bedeutet B Corp?<\/a>\n\t\t\t\t\t<\/div>\n\n\t\t\t\t\t<div id=\"elementor-tab-content-2193\" class=\"elementor-tab-content elementor-clearfix\" data-tab=\"3\" role=\"region\" aria-labelledby=\"elementor-tab-title-2193\"><p>B Corp oder <a href=\"https:\/\/www.bcorporation.net\/en-us\/\">B Corporation<\/a> ist ein Zertifikat, das an Unternehmen vergeben wird, die\u00a0hohe Standards in Bezug auf soziale und \u00f6kologische Leistungen, Transparenz und Verantwortungsbewusstsein einhalten. <a href=\"https:\/\/www.bcorporation.net\/en-us\/find-a-b-corp\/company\/opaline-sa\">Opaline ist seit 2015 B Corp<\/a> zertifiziert und wird alle drei Jahre bewertet.\u00a0Als B Corp-Unternehmen im Nahrungsmittelbereich geh\u00f6ren wir zu den Betrieben, die eine weltweite Bewegung f\u00fcr eine integrative, faire und regenerative Wirtschaft anf\u00fchren.<\/p>\n<p>Die Zertifizierung erfolgt durch die NGO <a href=\"https:\/\/www.bcorporation.net\/en-us\/movement\/about-b-lab\">B Lab<\/a>; es handelt sich um ein nicht gewinnorientiertes Netzwerk, das die Weltwirtschaft zugunsten aller Menschen, Gemeinschaften und unseres Planeten ver\u00e4ndert. B Lab entwickelt Normen, Massnahmen, Instrumente und Programme, die das Verhalten, die Kultur und die Struktur des Kapitalismus ver\u00e4ndern. Die NGO mobilisiert die globale Gemeinschaft von B Corp f\u00fcr gemeinsame Ma\u00dfnahmen zur Bew\u00e4ltigung der kritischsten Herausforderungen der Gesellschaft und arbeitet mit Regierungen, Universit\u00e4ten, Verb\u00e4nden und anderen Institutionen zusammen, um die Wirtschaftssysteme weiterzuentwickeln. In der Schweiz erfolgt die B Corp Zertifizierung \u00fcber <a href=\"https:\/\/fr.blab-switzerland.ch\">B Lab Switzerland<\/a>.\u00a0<\/p>\n<\/div>\n\t\t\t\t<\/div>\n\t\t\t\t\t\t\t<div class=\"elementor-toggle-item\">\n\t\t\t\t\t<div id=\"elementor-tab-title-2194\" class=\"elementor-tab-title\" data-tab=\"4\" role=\"button\" aria-controls=\"elementor-tab-content-2194\" aria-expanded=\"false\">\n\t\t\t\t\t\t\t\t\t\t\t\t<span class=\"elementor-toggle-icon elementor-toggle-icon-right\" aria-hidden=\"true\">\n\t\t\t\t\t\t\t\t\t\t\t\t\t\t\t<span class=\"elementor-toggle-icon-closed\"><i class=\"fas fa-caret-right\"><\/i><\/span>\n\t\t\t\t\t\t\t\t<span class=\"elementor-toggle-icon-opened\"><i class=\"elementor-toggle-icon-opened fas fa-caret-up\"><\/i><\/span>\n\t\t\t\t\t\t\t\t\t\t\t\t\t<\/span>\n\t\t\t\t\t\t\t\t\t\t\t\t<a class=\"elementor-toggle-title\" tabindex=\"0\">Wo finde ich die Regeln f\u00fcr Ihre Gewinnspiele?<\/a>\n\t\t\t\t\t<\/div>\n\n\t\t\t\t\t<div id=\"elementor-tab-content-2194\" class=\"elementor-tab-content elementor-clearfix\" data-tab=\"4\" role=\"region\" aria-labelledby=\"elementor-tab-title-2194\"><p>Opaline startet gelegentlich Gewinnspiele in den sozialen Netzwerken und \u00fcber den Newsletter.<\/p>\n<p>An den Gewinnspielen kann jede nat\u00fcrliche Person teilnehmen, die (zum Zeitpunkt der Teilnahme am Gewinnspiel) vollj\u00e4hrig ist und ihren Wohnsitz in der Schweiz hat. Die Teilnahmebedingungen werden in jedem Gewinnspiel angek\u00fcndigt und die vollst\u00e4ndigen Regeln k\u00f6nnen hier eingesehen werden.<\/p>\n<\/div>\n\t\t\t\t<\/div>\n\t\t\t\t\t\t\t\t\t\t<script type=\"application\/ld+json\">{\"@context\":\"https:\\\/\\\/schema.org\",\"@type\":\"FAQPage\",\"mainEntity\":[{\"@type\":\"Question\",\"name\":\"Wo kann ich eure Getr\\u00e4nke kaufen?\",\"acceptedAnswer\":{\"@type\":\"Answer\",\"text\":\"<p>Unsere Getr\\u00e4nke sind \\u00fcber unseren <a href=\\\"https:\\\/\\\/opashop.edirekt.app\\\/fr\\\">Onlineshop<\\\/a> und in 1&#8217;300 Verkaufsstellen (Lebensmittell\\u00e4den, Caf\\u00e9s und Restaurants, Hotels etc.) \\u00fcberall in der Schweiz erh\\u00e4ltlich. Um eine Verkaufsstelle in Ihrer N\\u00e4he zu finden, gehen Sie auf unsere Seite \\u00ab<a href=\\\"https:\\\/\\\/www.opaline-factory.ch\\\/de\\\/verkaufspunkte\\\/\\\">Wo finden Sie uns?<\\\/a>\\u00bb. Wenn Sie uns eine neue Verkaufsstelle vorschlagen oder einen Fehler melden m\\u00f6chten, <a href=\\\"https:\\\/\\\/www.opaline-factory.ch\\\/de\\\/kontakt\\\/\\\">setzen Sie sich mit uns in Verbindung<\\\/a>!<\\\/p>\\n\"}},{\"@type\":\"Question\",\"name\":\"Sind eure Getr\\u00e4nke wirklich zu 100 % nat\\u00fcrlich?\",\"acceptedAnswer\":{\"@type\":\"Answer\",\"text\":\"<p>Ja! S\\u00e4mtliche Zutaten unserer Getr\\u00e4nke stammen aus der Natur.<\\\/p>\\n<ul>\\n<li>Bei<a href=\\\"https:\\\/\\\/www.opaline-factory.ch\\\/de\\\/getranke\\\/\\\"> Frucht- und Gem\\u00fcses\\u00e4ften<\\\/a> handelt es sich um 100 % Fruchtsaft.<\\\/li>\\n<li>Bei den Nektaren handelt es sich um Fruchtfleisch, Wasser und Biozucker (die Menge variiert je nach Nektar). Wir bieten zwei Sorten an, den <a href=\\\"https:\\\/\\\/www.opaline-factory.ch\\\/de\\\/getranke\\\/aprikosennektar\\\/\\\">Aprikosennektar<\\\/a> und den <a href=\\\"https:\\\/\\\/www.opaline-factory.ch\\\/de\\\/getranke\\\/\\\">Williamsbirnennektar<\\\/a>).<\\\/li>\\n<li>Unsere <a href=\\\"\\\/?types=limonaden\\\">Limonaden<\\\/a> bestehen aus Fr\\u00fcchten, Wasser, Kohlens\\u00e4ure und Bio-Zucker.<\\\/li>\\n<\\\/ul>\\n<p>Alle unsere Getr\\u00e4nke sind garantiert vegan und enthalten keine Farb- und Konservierungsstoffe.<\\\/p>\\n\"}},{\"@type\":\"Question\",\"name\":\"Was bedeutet B Corp?\",\"acceptedAnswer\":{\"@type\":\"Answer\",\"text\":\"<p>B Corp oder <a href=\\\"https:\\\/\\\/www.bcorporation.net\\\/en-us\\\/\\\">B Corporation<\\\/a> ist ein Zertifikat, das an Unternehmen vergeben wird, die\\u00a0hohe Standards in Bezug auf soziale und \\u00f6kologische Leistungen, Transparenz und Verantwortungsbewusstsein einhalten. <a href=\\\"https:\\\/\\\/www.bcorporation.net\\\/en-us\\\/find-a-b-corp\\\/company\\\/opaline-sa\\\">Opaline ist seit 2015 B Corp<\\\/a> zertifiziert und wird alle drei Jahre bewertet.\\u00a0Als B Corp-Unternehmen im Nahrungsmittelbereich geh\\u00f6ren wir zu den Betrieben, die eine weltweite Bewegung f\\u00fcr eine integrative, faire und regenerative Wirtschaft anf\\u00fchren.<\\\/p>\\n<p>Die Zertifizierung erfolgt durch die NGO <a href=\\\"https:\\\/\\\/www.bcorporation.net\\\/en-us\\\/movement\\\/about-b-lab\\\">B Lab<\\\/a>; es handelt sich um ein nicht gewinnorientiertes Netzwerk, das die Weltwirtschaft zugunsten aller Menschen, Gemeinschaften und unseres Planeten ver\\u00e4ndert. B Lab entwickelt Normen, Massnahmen, Instrumente und Programme, die das Verhalten, die Kultur und die Struktur des Kapitalismus ver\\u00e4ndern. Die NGO mobilisiert die globale Gemeinschaft von B Corp f\\u00fcr gemeinsame Ma\\u00dfnahmen zur Bew\\u00e4ltigung der kritischsten Herausforderungen der Gesellschaft und arbeitet mit Regierungen, Universit\\u00e4ten, Verb\\u00e4nden und anderen Institutionen zusammen, um die Wirtschaftssysteme weiterzuentwickeln. In der Schweiz erfolgt die B Corp Zertifizierung \\u00fcber <a href=\\\"https:\\\/\\\/fr.blab-switzerland.ch\\\">B Lab Switzerland<\\\/a>.\\u00a0<\\\/p>\\n\"}},{\"@type\":\"Question\",\"name\":\"Wo finde ich die Regeln f\\u00fcr Ihre Gewinnspiele?\",\"acceptedAnswer\":{\"@type\":\"Answer\",\"text\":\"<p>Opaline startet gelegentlich Gewinnspiele in den sozialen Netzwerken und \\u00fcber den Newsletter.<\\\/p>\\n<p>An den Gewinnspielen kann jede nat\\u00fcrliche Person teilnehmen, die (zum Zeitpunkt der Teilnahme am Gewinnspiel) vollj\\u00e4hrig ist und ihren Wohnsitz in der Schweiz hat. Die Teilnahmebedingungen werden in jedem Gewinnspiel angek\\u00fcndigt und die vollst\\u00e4ndigen Regeln k\\u00f6nnen hier eingesehen werden.<\\\/p>\\n\"}}]}<\/script>\n\t\t\t\t\t<\/div>\n\t\t\t\t<\/div>\n\t\t\t\t<\/div>\n\t\t\t\t\t<\/div>\n\t\t\t\t<\/div>\n\t\t\t\t<\/div>\n\t\t","protected":false},"excerpt":{"rendered":"<p>Diese Seite ist f\u00fcr Ihre Fragen bestimmt. Wir werden sie nach und nach erg\u00e4nzen, also besuchen Sie\u00a0sie ruhig \u00f6fters. Wo kann ich eure Getr\u00e4nke kaufen? Unsere Getr\u00e4nke sind \u00fcber unseren Onlineshop und in 1&rsquo;300 Verkaufsstellen (Lebensmittell\u00e4den, Caf\u00e9s und Restaurants, Hotels etc.) \u00fcberall in der Schweiz erh\u00e4ltlich. Um eine Verkaufsstelle in Ihrer N\u00e4he zu finden, gehen [&hellip;]<\/p>\n","protected":false},"author":1,"featured_media":0,"parent":0,"menu_order":0,"comment_status":"closed","ping_status":"closed","template":"elementor_header_footer","meta":{"_acf_changed":false,"footnotes":""},"class_list":["post-33384","page","type-page","status-publish","hentry"],"acf":[],"_links":{"self":[{"href":"https:\/\/www.opaline-factory.ch\/de\/wp-json\/wp\/v2\/pages\/33384","targetHints":{"allow":["GET"]}}],"collection":[{"href":"https:\/\/www.opaline-factory.ch\/de\/wp-json\/wp\/v2\/pages"}],"about":[{"href":"https:\/\/www.opaline-factory.ch\/de\/wp-json\/wp\/v2\/types\/page"}],"author":[{"embeddable":true,"href":"https:\/\/www.opaline-factory.ch\/de\/wp-json\/wp\/v2\/users\/1"}],"replies":[{"embeddable":true,"href":"https:\/\/www.opaline-factory.ch\/de\/wp-json\/wp\/v2\/comments?post=33384"}],"version-history":[{"count":0,"href":"https:\/\/www.opaline-factory.ch\/de\/wp-json\/wp\/v2\/pages\/33384\/revisions"}],"wp:attachment":[{"href":"https:\/\/www.opaline-factory.ch\/de\/wp-json\/wp\/v2\/media?parent=33384"}],"curies":[{"name":"wp","href":"https:\/\/api.w.org\/{rel}","templated":true}]}}