{"id":33376,"date":"2022-08-04T09:01:25","date_gmt":"2022-08-04T07:01:25","guid":{"rendered":"https:\/\/opaline-factory.ch\/unser-team\/"},"modified":"2025-09-26T15:36:23","modified_gmt":"2025-09-26T13:36:23","slug":"unser-team","status":"publish","type":"page","link":"https:\/\/www.opaline-factory.ch\/de\/unser-team\/","title":{"rendered":"Unser Team"},"content":{"rendered":"\t\t<div data-elementor-type=\"wp-page\" data-elementor-id=\"33376\" class=\"elementor elementor-33376 elementor-31701\" data-elementor-post-type=\"page\">\n\t\t\t\t<div class=\"elementor-element elementor-element-51894cd e-con-full e-flex e-con e-parent\" data-id=\"51894cd\" data-element_type=\"container\" data-settings=\"{&quot;jet_parallax_layout_list&quot;:[]}\">\n\t\t\t\t<div class=\"elementor-element elementor-element-5a68208 elementor-widget elementor-widget-template\" data-id=\"5a68208\" data-element_type=\"widget\" data-widget_type=\"template.default\">\n\t\t\t\t<div class=\"elementor-widget-container\">\n\t\t\t\t\t<div class=\"elementor-template\">\n\t\t\t\t\t<div data-elementor-type=\"container\" data-elementor-id=\"31818\" class=\"elementor elementor-31818 elementor-31737\" data-elementor-post-type=\"elementor_library\">\n\t\t\t\t<div class=\"elementor-element elementor-element-4a7d5728 e-con-full e-flex e-con e-parent\" data-id=\"4a7d5728\" data-element_type=\"container\" data-settings=\"{&quot;background_background&quot;:&quot;classic&quot;,&quot;jet_parallax_layout_list&quot;:[]}\">\n\t\t\t\t<div class=\"elementor-element elementor-element-248d92dc elementor-widget__width-inherit elementor-widget elementor-widget-spacer\" data-id=\"248d92dc\" data-element_type=\"widget\" data-widget_type=\"spacer.default\">\n\t\t\t\t<div class=\"elementor-widget-container\">\n\t\t\t<style>\/*! elementor - v3.23.0 - 23-07-2024 *\/\n.elementor-column .elementor-spacer-inner{height:var(--spacer-size)}.e-con{--container-widget-width:100%}.e-con-inner>.elementor-widget-spacer,.e-con>.elementor-widget-spacer{width:var(--container-widget-width,var(--spacer-size));--align-self:var(--container-widget-align-self,initial);--flex-shrink:0}.e-con-inner>.elementor-widget-spacer>.elementor-widget-container,.e-con>.elementor-widget-spacer>.elementor-widget-container{height:100%;width:100%}.e-con-inner>.elementor-widget-spacer>.elementor-widget-container>.elementor-spacer,.e-con>.elementor-widget-spacer>.elementor-widget-container>.elementor-spacer{height:100%}.e-con-inner>.elementor-widget-spacer>.elementor-widget-container>.elementor-spacer>.elementor-spacer-inner,.e-con>.elementor-widget-spacer>.elementor-widget-container>.elementor-spacer>.elementor-spacer-inner{height:var(--container-widget-height,var(--spacer-size))}.e-con-inner>.elementor-widget-spacer.elementor-widget-empty,.e-con>.elementor-widget-spacer.elementor-widget-empty{position:relative;min-height:22px;min-width:22px}.e-con-inner>.elementor-widget-spacer.elementor-widget-empty .elementor-widget-empty-icon,.e-con>.elementor-widget-spacer.elementor-widget-empty .elementor-widget-empty-icon{position:absolute;top:0;bottom:0;left:0;right:0;margin:auto;padding:0;width:22px;height:22px}<\/style>\t\t<div class=\"elementor-spacer\">\n\t\t\t<div class=\"elementor-spacer-inner\"><\/div>\n\t\t<\/div>\n\t\t\t\t<\/div>\n\t\t\t\t<\/div>\n\t\t<div class=\"elementor-element elementor-element-7cfc304b e-con-full e-flex e-con e-parent\" data-id=\"7cfc304b\" data-element_type=\"container\" data-settings=\"{&quot;jet_parallax_layout_list&quot;:[]}\">\n\t\t\t\t<div class=\"elementor-element elementor-element-2136ff77 e-transform elementor-widget__width-inherit elementor-absolute opaline-separator elementor-widget elementor-widget-jet-inline-svg\" data-id=\"2136ff77\" data-element_type=\"widget\" data-settings=\"{&quot;_transform_rotateZ_effect&quot;:{&quot;unit&quot;:&quot;px&quot;,&quot;size&quot;:180,&quot;sizes&quot;:[]},&quot;_position&quot;:&quot;absolute&quot;,&quot;_transform_rotateZ_effect_widescreen&quot;:{&quot;unit&quot;:&quot;deg&quot;,&quot;size&quot;:&quot;&quot;,&quot;sizes&quot;:[]},&quot;_transform_rotateZ_effect_laptop&quot;:{&quot;unit&quot;:&quot;deg&quot;,&quot;size&quot;:&quot;&quot;,&quot;sizes&quot;:[]},&quot;_transform_rotateZ_effect_tablet&quot;:{&quot;unit&quot;:&quot;deg&quot;,&quot;size&quot;:&quot;&quot;,&quot;sizes&quot;:[]},&quot;_transform_rotateZ_effect_mobile&quot;:{&quot;unit&quot;:&quot;deg&quot;,&quot;size&quot;:&quot;&quot;,&quot;sizes&quot;:[]}}\" data-widget_type=\"jet-inline-svg.default\">\n\t\t\t\t<div class=\"elementor-widget-container\">\n\t\t\t<div class=\"elementor-jet-inline-svg jet-elements\"><div class=\"jet-inline-svg__wrapper\"><div class=\"jet-inline-svg jet-inline-svg--custom-width jet-inline-svg--custom-color\"><div class=\"jet-inline-svg__inner\"><svg xmlns=\"http:\/\/www.w3.org\/2000\/svg\" xmlns:xlink=\"http:\/\/www.w3.org\/1999\/xlink\" id=\"Calque_1\" x=\"0px\" y=\"0px\" viewBox=\"0 0 800 35\" style=\"enable-background:new 0 0 800 35;\" xml:space=\"preserve\"><g>\t<g id=\"Groupe_88\">\t\t<path id=\"Trac&#xE9;_1060\" d=\"M800-0.0006249v33c-14.0456543-1.6640587-28.5244141-2.8157158-43.3525391-3.4705925   c-14.833252-0.6715393-28.5951538-1.4765949-41.2855835-2.4151688   c-19.7175903-1.7913265-39.4554443-3.4014378-59.2137451-4.8303337   c-19.7329102-1.4418087-39.4872437-2.7144852-59.2631226-3.8180275   c-22.5328979-1.8500671-44.4274902-2.8321714-65.6837158-2.9463177   c-21.2295532-0.1303911-43.1785278-0.1006069-65.8468628,0.0893583   c-21.2829285,0.8814993-42.1706543,0.9337797-62.6631165,0.1568451   c-20.4621277-0.7944336-40.6431274-0.726737-60.5431519,0.2030869   c-9.9116821,0.4490824-19.5027466,1.0833368-28.7731628,1.9027662   c-10.2589111,0.8412209-20.5559692,1.1242943-30.8456421,0.8479633c-7.0205994-0.8329659-14.789978-1.5072136-23.254364-2.021492   c-8.4861908-0.5317135-16.9968567-0.5477848-25.4850006-0.0481148   c-19.8583374,0.9106617-40.0927124,1.9894142-60.703125,3.2362614c-20.5762329,1.229351-40.8118744,2.3081055-60.706871,3.2362633   c-19.0976105,0.9297276-38.2369995,0.5141888-57.2762451-1.243515C36.7909088,20.1225834,18.3946457,19.3853493,0,19.6700249   V-0.0006249H800z\"><\/path>\t<\/g><\/g><\/svg><\/div><\/div><\/div><\/div>\t\t<\/div>\n\t\t\t\t<\/div>\n\t\t\t\t<\/div>\n\t\t<div class=\"elementor-element elementor-element-5556acf7 e-flex e-con-boxed e-con e-parent\" data-id=\"5556acf7\" data-element_type=\"container\" data-settings=\"{&quot;background_background&quot;:&quot;classic&quot;,&quot;jet_parallax_layout_list&quot;:[]}\">\n\t\t\t\t\t<div class=\"e-con-inner\">\n\t\t\t\t<div class=\"elementor-element elementor-element-5d2dc378 isidora elementor-widget__width-inherit elementor-widget elementor-widget-heading\" data-id=\"5d2dc378\" data-element_type=\"widget\" data-widget_type=\"heading.default\">\n\t\t\t\t<div class=\"elementor-widget-container\">\n\t\t\t<style>\/*! elementor - v3.23.0 - 23-07-2024 *\/\n.elementor-heading-title{padding:0;margin:0;line-height:1}.elementor-widget-heading .elementor-heading-title[class*=elementor-size-]>a{color:inherit;font-size:inherit;line-height:inherit}.elementor-widget-heading .elementor-heading-title.elementor-size-small{font-size:15px}.elementor-widget-heading .elementor-heading-title.elementor-size-medium{font-size:19px}.elementor-widget-heading .elementor-heading-title.elementor-size-large{font-size:29px}.elementor-widget-heading .elementor-heading-title.elementor-size-xl{font-size:39px}.elementor-widget-heading .elementor-heading-title.elementor-size-xxl{font-size:59px}<\/style><h1 class=\"elementor-heading-title elementor-size-default\">Unser Team<\/h1>\t\t<\/div>\n\t\t\t\t<\/div>\n\t\t\t\t\t<\/div>\n\t\t\t\t<\/div>\n\t\t\t\t<\/div>\n\t\t\t\t<\/div>\n\t\t\t\t<\/div>\n\t\t\t\t<\/div>\n\t\t\t\t<\/div>\n\t\t\t\t<\/div>\n\t\t<div class=\"elementor-element elementor-element-eef209b opa-team-members e-flex e-con-boxed e-con e-parent\" data-id=\"eef209b\" data-element_type=\"container\" data-settings=\"{&quot;jet_parallax_layout_list&quot;:[]}\">\n\t\t\t\t\t<div class=\"e-con-inner\">\n\t\t\t\t<div class=\"elementor-element elementor-element-a7a0233 elementor-widget elementor-widget-text-editor\" data-id=\"a7a0233\" data-element_type=\"widget\" data-widget_type=\"text-editor.default\">\n\t\t\t\t<div class=\"elementor-widget-container\">\n\t\t\t<style>\/*! elementor - v3.23.0 - 23-07-2024 *\/\n.elementor-widget-text-editor.elementor-drop-cap-view-stacked .elementor-drop-cap{background-color:#69727d;color:#fff}.elementor-widget-text-editor.elementor-drop-cap-view-framed .elementor-drop-cap{color:#69727d;border:3px solid;background-color:transparent}.elementor-widget-text-editor:not(.elementor-drop-cap-view-default) .elementor-drop-cap{margin-top:8px}.elementor-widget-text-editor:not(.elementor-drop-cap-view-default) .elementor-drop-cap-letter{width:1em;height:1em}.elementor-widget-text-editor .elementor-drop-cap{float:left;text-align:center;line-height:1;font-size:50px}.elementor-widget-text-editor .elementor-drop-cap-letter{display:inline-block}<\/style>\t\t\t\t<p><strong>Eine fr\u00f6hliche Gemeinschaft, die sich daf\u00fcr einsetzt, die Linien zu verschieben, Schritt f\u00fcr Schritt vorzugehen, Hand in Hand mit den ErzeugerInnen und unseren zahlreichen Partnern, um sich neu zu erfinden, um einen positiven Einfluss auf die Welt auszu\u00fcben,\u00a0heute und morgen.<\/strong><\/p>\n\t\t\t\t\t\t<\/div>\n\t\t\t\t<\/div>\n\t\t\t\t<div class=\"elementor-element elementor-element-4bb3996 elementor-widget elementor-widget-jet-listing-grid\" data-id=\"4bb3996\" data-element_type=\"widget\" data-settings=\"{&quot;columns&quot;:3,&quot;columns_tablet&quot;:&quot;2&quot;,&quot;columns_mobile&quot;:&quot;1&quot;}\" data-widget_type=\"jet-listing-grid.default\">\n\t\t\t\t<div class=\"elementor-widget-container\">\n\t\t\t<div class=\"jet-listing-grid jet-listing-grid--lazy-load jet-listing jet-listing-grid-loading\" data-lazy-load=\"{&quot;offset&quot;:&quot;0px&quot;,&quot;post_id&quot;:33376,&quot;queried_id&quot;:&quot;33376|WP_Post&quot;}\"><div class=\"jet-listing-grid__loader\"><div class=\"jet-listing-grid__loader-spinner\"><\/div><\/div><\/div>\t\t<\/div>\n\t\t\t\t<\/div>\n\t\t\t\t<div class=\"elementor-element elementor-element-5865196 elementor-align-center elementor-widget__width-inherit elementor-widget elementor-widget-button\" data-id=\"5865196\" data-element_type=\"widget\" data-widget_type=\"button.default\">\n\t\t\t\t<div class=\"elementor-widget-container\">\n\t\t\t\t\t<div class=\"elementor-button-wrapper\">\n\t\t\t<a class=\"elementor-button elementor-button-link elementor-size-sm\" href=\"https:\/\/www.opaline-factory.ch\/de\/kontakt\/\">\n\t\t\t\t\t\t<span class=\"elementor-button-content-wrapper\">\n\t\t\t\t\t\t\t\t\t<span class=\"elementor-button-text\">Kontaktieren Sie uns<\/span>\n\t\t\t\t\t<\/span>\n\t\t\t\t\t<\/a>\n\t\t<\/div>\n\t\t\t\t<\/div>\n\t\t\t\t<\/div>\n\t\t\t\t\t<\/div>\n\t\t\t\t<\/div>\n\t\t\t\t<\/div>\n\t\t","protected":false},"excerpt":{"rendered":"<p>Eine fr\u00f6hliche Gemeinschaft, die sich daf\u00fcr einsetzt, die Linien zu verschieben, Schritt f\u00fcr Schritt vorzugehen, Hand in Hand mit den ErzeugerInnen und unseren zahlreichen Partnern, um sich neu zu erfinden, um einen positiven Einfluss auf die Welt auszu\u00fcben,\u00a0heute und morgen. Kontaktieren Sie uns<\/p>\n","protected":false},"author":1,"featured_media":0,"parent":0,"menu_order":0,"comment_status":"closed","ping_status":"closed","template":"elementor_header_footer","meta":{"_acf_changed":false,"footnotes":""},"class_list":["post-33376","page","type-page","status-publish","hentry"],"acf":[],"_links":{"self":[{"href":"https:\/\/www.opaline-factory.ch\/de\/wp-json\/wp\/v2\/pages\/33376","targetHints":{"allow":["GET"]}}],"collection":[{"href":"https:\/\/www.opaline-factory.ch\/de\/wp-json\/wp\/v2\/pages"}],"about":[{"href":"https:\/\/www.opaline-factory.ch\/de\/wp-json\/wp\/v2\/types\/page"}],"author":[{"embeddable":true,"href":"https:\/\/www.opaline-factory.ch\/de\/wp-json\/wp\/v2\/users\/1"}],"replies":[{"embeddable":true,"href":"https:\/\/www.opaline-factory.ch\/de\/wp-json\/wp\/v2\/comments?post=33376"}],"version-history":[{"count":0,"href":"https:\/\/www.opaline-factory.ch\/de\/wp-json\/wp\/v2\/pages\/33376\/revisions"}],"wp:attachment":[{"href":"https:\/\/www.opaline-factory.ch\/de\/wp-json\/wp\/v2\/media?parent=33376"}],"curies":[{"name":"wp","href":"https:\/\/api.w.org\/{rel}","templated":true}]}}