{"id":33372,"date":"2022-08-11T12:40:38","date_gmt":"2022-08-11T10:40:38","guid":{"rendered":"https:\/\/opaline-factory.ch\/allgemeine-geschaeftsbedingungen\/"},"modified":"2022-10-19T15:14:37","modified_gmt":"2022-10-19T13:14:37","slug":"allgemeine-geschaeftsbedingungen","status":"publish","type":"page","link":"https:\/\/www.opaline-factory.ch\/de\/allgemeine-geschaeftsbedingungen\/","title":{"rendered":"Allgemeine Gesch\u00e4ftsbedingungen"},"content":{"rendered":"\t\t<div data-elementor-type=\"wp-page\" data-elementor-id=\"33372\" class=\"elementor elementor-33372 elementor-32188\" data-elementor-post-type=\"page\">\n\t\t\t\t\t\t<section class=\"elementor-section elementor-top-section elementor-element elementor-element-1f854592 elementor-section-boxed elementor-section-height-default elementor-section-height-default\" data-id=\"1f854592\" data-element_type=\"section\" data-settings=\"{&quot;jet_parallax_layout_list&quot;:[]}\">\n\t\t\t\t\t\t<div class=\"elementor-container elementor-column-gap-default\">\n\t\t\t\t\t<div class=\"elementor-column elementor-col-100 elementor-top-column elementor-element elementor-element-478a211a\" data-id=\"478a211a\" data-element_type=\"column\">\n\t\t\t<div class=\"elementor-widget-wrap elementor-element-populated\">\n\t\t\t\t\t\t<div class=\"elementor-element elementor-element-d9596df elementor-widget elementor-widget-text-editor\" data-id=\"d9596df\" data-element_type=\"widget\" data-widget_type=\"text-editor.default\">\n\t\t\t\t<div class=\"elementor-widget-container\">\n\t\t\t<style>\/*! elementor - v3.23.0 - 23-07-2024 *\/\n.elementor-widget-text-editor.elementor-drop-cap-view-stacked .elementor-drop-cap{background-color:#69727d;color:#fff}.elementor-widget-text-editor.elementor-drop-cap-view-framed .elementor-drop-cap{color:#69727d;border:3px solid;background-color:transparent}.elementor-widget-text-editor:not(.elementor-drop-cap-view-default) .elementor-drop-cap{margin-top:8px}.elementor-widget-text-editor:not(.elementor-drop-cap-view-default) .elementor-drop-cap-letter{width:1em;height:1em}.elementor-widget-text-editor .elementor-drop-cap{float:left;text-align:center;line-height:1;font-size:50px}.elementor-widget-text-editor .elementor-drop-cap-letter{display:inline-block}<\/style>\t\t\t\t<p>Allgemeine Gesch\u00e4ftsbedingungen f\u00fcr unseren Onlineshop Opashop<\/p>\n\t\t\t\t\t\t<\/div>\n\t\t\t\t<\/div>\n\t\t\t\t\t<\/div>\n\t\t<\/div>\n\t\t\t\t\t<\/div>\n\t\t<\/section>\n\t\t<div class=\"elementor-element elementor-element-2cf6175 e-flex e-con-boxed e-con e-parent\" data-id=\"2cf6175\" data-element_type=\"container\" data-settings=\"{&quot;jet_parallax_layout_list&quot;:[]}\">\n\t\t\t\t\t<div class=\"e-con-inner\">\n\t\t\t\t<div class=\"elementor-element elementor-element-30a743d elementor-widget elementor-widget-text-editor\" data-id=\"30a743d\" data-element_type=\"widget\" data-widget_type=\"text-editor.default\">\n\t\t\t\t<div class=\"elementor-widget-container\">\n\t\t\t\t\t\t\t<h3><strong>Geltungsbereich<br \/><\/strong><\/h3>\n<p>Diese Website f\u00fcr den Onlineverkauf der Produkte aus dem Hause Opaline ist Eigentum des Unternehmens Opaline SA, La Rosi\u00e8re 10, 1937 Orsi\u00e8res.<\/p>\n<p>Dei vorliegenden Allgemeinen Gesch\u00e4ftsbedingungen (nachfolgend AGB) gelten f\u00fcr alle Vertr\u00e4ge, die mit Ihnen in Ihrer Eigenschaft als Kunde\/Kundin (Sie, Ihre) und uns in unserer Eigenschaft als Betreiber des Opashop Online-Shops\u00a0(wir, unsere) abgeschlossen werden. Im Rahmen von Bestellvorg\u00e4ngen erkennen Sie die AGB in ihrer zum Zeitpunkt Ihrer Bestellung g\u00fcltigen Fassung an. Alle m\u00fcndlichen oder telefonischen Vereinbarungen m\u00fcssen schriftlich best\u00e4tigt werden, um verbindlich zu sein. Diese Anforderung der Schriftform wird auch erf\u00fcllt, wenn eine Erkl\u00e4rung in einer E-Mail enthalten ist.<\/p>\n<p>\u00a0<\/p>\n<h3><strong>Anmeldung<\/strong><\/h3>\n<p>Das Anmeldeverfahren ist kostenlos und unverbindlich. Bei der Anmeldung werden Sie nach Ihrer E-Mail-Adresse und einem Passwort gefragt. Mit diesen beiden Angaben sind Sie der einzige Benutzer, der Zugriff auf Ihr Konto hat.  Sie k\u00f6nnen alle pers\u00f6nlichen Angaben \u00e4ndern, wann immer Sie m\u00f6chten.  Opaline haftet nicht f\u00fcr Fehler oder Ungenauigkeiten, insbesondere bei Namen oder Adressen, die auf Ihrer Bestellung und auf Ihrem Briefkasten unterschiedlich sein k\u00f6nnen. Der\/die Klient\/in verpflichtet sich, seine\/ihre Informationen streng vertraulich zu behandeln und sie nicht an Dritte weiterzugeben, um ein Eindringen in sein\/ihr Kundenkonto zu verhindern. Opaline kann nicht haftbar gemacht werden, wenn ein Dritter Zugang zu der Benutzerkennung und dem Passwort des Inhabers oder der Inhaberin des Kundenkontos hat.<\/p>\n<p>\u00a0<\/p>\n<h3><strong>Einwilligung zur Zusendung von Informationen<\/strong><\/h3>\n<p>Bei der Anmeldung auf der Website von Opaline erteilt der Kunde\/die Kundin seine\/ihre Einwilligung, Informationen von der Firma Opaline \u00fcber die verschiedenen Kommunikationsmittel (soziale Netzwerke, Newsletter, Website, Post, E-Mail, SMS) zu erhalten. Der Kunde\/die Kundin kann auch darauf verzichten, diese kostenlosen Informationen zu erhalten. Befolgen Sie dazu die in unseren E-Mails oder sonstigen Mitteilungen angegebenen Anweisungen.<\/p>\n<p>\u00a0<\/p>\n<h3><strong>Rechnungswesen<\/strong><\/h3>\n<p>Die Darstellung der Produkte im Onlineshop begr\u00fcndet keine rechtliche Verpflichtung. Es handelt sich lediglich um einen Online-Katalog ohne Verpflichtung. Wenn Sie nur Artikel in den \u00abWarenkorb\u00bb legen, stellt dies keine bindende Bestellung dar. Eine Bestellung der im Einkaufskorb enthaltenen Artikel wird erst rechtlich bindend, wenn Sie die Taste \u00abBestellen\u00bb auf der Seite Bestellungen anklicken. Der Eingang der Bestellung wird umgehend mit einer automatischen E-Mail best\u00e4tigt und begr\u00fcndet eine Vertragsvereinbarung.  Die Einwilligung wird vorbehaltlich der gesetzlichen Zul\u00e4ssigkeit und der Verf\u00fcgbarkeit der bestellten Ware erteilt. Wenn wir Ihre Bestellung nicht ausf\u00fchren k\u00f6nnen, erhalten Sie eine Mitteilung, dass der Artikel nicht verf\u00fcgbar ist. Angaben zur Verf\u00fcgbarkeit im Shop stellen keine Lieferbest\u00e4tigung dar; es kann sein, dass sie nicht korrekt sind. Preis\u00e4nderungen je nach Ernte und Rohstoffen sind m\u00f6glich. Es gilt der Preis, der bei Abschluss der Bestellung angegeben wird. Alle unsere Gutscheincodes ausser Mitteilungscodes sind personengebunden und f\u00fcr den pers\u00f6nlichen Gebrauch bestimmt. Deshalb behalten wir uns vor, Bestellungen, die mit einem Gutscheincode ausgef\u00fchrt wurden, der f\u00fcr eine andere Person bestimmt war, nicht auszuf\u00fchren. Wir werden daher den Gutschein, der ein Prozentsatz, ein Handelsrabatt sowie die Lieferkosten sein kann, zus\u00e4tzlich in Rechnung stellen. <\/p>\n<p>\u00a0<\/p>\n<h3><strong>Versand und Versandkosten<br \/><\/strong><\/h3>\n<p>Wir liefern die von Ihnen bestellte Ware schnellstm\u00f6gliche an die in der Bestellung angegebene Anschrift. Es kann sein, dass ein Produkt nicht verf\u00fcgbar ist. In diesem Fall informieren wir den Kunden\/die Kundin direkt per E-Mail und bieten ihm\/ihr drei Alternativen an: Ersatz des Produkts, Zusendung des gew\u00fcnschten Produkts, sobald es wieder verf\u00fcgbar ist (dies kann mehrere Wochen dauern), oder R\u00fcckerstattung des Kaufpreises.<\/p>\n<p>Die Bestellungen verlassen jeden Dienstag unser Lager und werden zwischen Mittwoch und Donnerstag ausgeliefert. Wenn Sie nicht zu Hause sind, erlauben wir uns, Ihre Lieferung an Ihrer T\u00fcrschwelle oder gem\u00e4ss den Anweisungen, die Sie am Ende Ihrer Online-Bestellung erteilt haben, abzustellen. Wir haben jederzeit das Recht, Teillieferungen und Teildienstleistungen auszuf\u00fchren, soweit diese f\u00fcr Sie akzeptabel sind. Wenn wir eine Teillieferung ausf\u00fchren, \u00fcbernehmen wir die zus\u00e4tzlichen Versandkosten. Die Lieferung wird als \u00abLieferung an die Haust\u00fcr\u00bb definiert.\u00a0Der Versand Ihrer Bestellung folgt den g\u00fcltigen Preisen und Lieferzeiten der gew\u00e4hlten Liefermethode.<\/p>\n<p>\u00a0<\/p>\n<h3><strong>Bezahlung und Zahlungsfristen<\/strong><\/h3>\n<p>Wir akzeptieren ausschliesslich die im Bestellverfahren angegebenen Zahlungsarten. Der Kaufpreis sowie die Lieferkosten gelten ab dem Zeitpunkt des Vertragsabschlusses.\u00a0Die Bestellung wird erst nach Zahlungseingang bearbeitet.<\/p>\n<p>\u00a0<\/p>\n<h3><strong>Artikel<br \/><\/strong><\/h3>\n<p>F\u00fcr jeden auf der Website angebotenen Artikel gibt es eine Pr\u00e4sentation mit Angabe seiner Bezeichnung, seiner Zusammensetzung und seines Preises. Die Fotos und Angaben zu den auf unserer Website vorgestellten Produkten sind nicht vertraglich bindend. Opaline kann nicht haftbar gemacht werden, wenn die gelieferten Produkte optisch nicht mit den auf der Website dargestellten Produkten identisch sind.<\/p>\n<p>\u00a0<\/p>\n<h3><strong>Garantie und Haftung<\/strong><\/h3>\n<p>Wenn die gelieferten Waren unvollst\u00e4ndig oder besch\u00e4digt sind, z. B. durch einen Produktfehler oder eine Falschlieferung, werden wir daf\u00fcr sorgen, dass dies durch eine andere Lieferung behoben wird. Wenn Sie nicht mit der Lieferalternative einverstanden sind, k\u00f6nnen Sie Ihren Einkauf stornieren.<\/p>\n<p>Unsere Haftung f\u00fcr unsere eigenen Fehler und die unserer Mitarbeitenden und beauftragten Personen beschr\u00e4nkt sich auf den oben angegebenen Teil.<\/p>\n<p>\u00a0<\/p>\n<h3><strong>Anschrift<\/strong><\/h3>\n<p>Lieferant und Vertragspartner f\u00fcr das Angebot auf dieser Website ist:<br \/>Opaline SA, La Roseraie\u00a0<span lang=\"FR-CH\">10<\/span><span lang=\"FR-CH\">, 1937 Orsi\u00e8res.\u00a0<\/span><\/p>\n<p>Anschrift f\u00fcr R\u00fccksendungen: Opaline SA, c\/o Biologistic, Route du Rh\u00f4ne 10, 1963 V\u00e9troz.<\/p>\n<p>\u00a0<\/p>\n<h3><strong>Datenschutz<\/strong><\/h3>\n<p>Wir verwenden die uns \u00fcberlassenen Daten zur Durchf\u00fchrung Ihrer Bestellung. Ihre Daten werden an das mit der Lieferung beauftragte Versandunternehmen weitergegeben, soweit dies zur Lieferung der Ware erforderlich ist. F\u00fcr die Abwicklung der Zahlungsverfahren leiten wir Ihre Zahlungsdaten an das mit Ihrer Zahlung beauftragte Finanzinstitut oder Kreditinstitut weiter.<\/p>\n<p>Wir leiten Ihre Daten nicht zu Werbezwecken an Dritte weiter.\u00a0<\/p>\n<p>Nach der vollst\u00e4ndigen Abwicklung und Bezahlung der Bestellung werden diese Daten bis zur erneuten Verwendung durch Sie gesperrt. Falls Sie sich ausdr\u00fccklich f\u00fcr eine Nichtverwendung Ihrer Daten entschieden haben, werden diese nach Ablauf der f\u00fcr handels- und steuerrechtliche Zwecke bestimmten Aufbewahrungsfrist gel\u00f6scht. Wir sch\u00fctzen unsere Website gegen Verlust, Zerst\u00f6rung, Zugriff, \u00c4nderung und Verbreitung Ihrer Daten.<\/p>\n<p>Trotz h\u00e4ufiger Kontrollen k\u00f6nnen wir uns nicht vor allen Gefahren sch\u00fctzen. Entsprechend dem Bundesdatenschutzgesetz (DSG) haben Sie die M\u00f6glichkeit, jederzeit kostenlos Ausk\u00fcnfte bez\u00fcglich der \u00fcber Sie gespeicherten Daten zu erhalten und Sie verf\u00fcgen \u00fcber ein Recht auf Berichtigung, Sperrung oder L\u00f6schung dieser Daten. S\u00e4mtliche Ausk\u00fcnfte k\u00f6nnen auf elektronischem Weg beantragt werden. Bitte wenden sie sich f\u00fcr s\u00e4mtliche Fragen zu Ihren Daten an: Opaline SA, La Rosi\u00e8re 10, 1937 Orsi\u00e8res,\u00a0<a href=\"mailto:info@opaline-factory.ch\">info@opaline-factory.ch<\/a><\/p>\n<p><strong>\u00a0<\/strong><\/p>\n<h3><strong>Werbung per E-Mail (Newsletter)<\/strong><\/h3>\n<p>Mit der Anmeldung f\u00fcr unseren Newsletter erlauben Sie die Nutzung Ihrer Daten f\u00fcr den Versand von Werbe- und Remarketing-Mitteilungen in sozialen Netzwerken (Facebook etc.).\u00a0Sie k\u00f6nnen sich jederzeit \u00fcber den entsprechenden Link vom Newsletter abmelden.<\/p>\n<p>\u00a0<\/p>\n<h3><strong>Cookies<\/strong><\/h3>\n<p>Um das Surfen zu erleichtern und bestimmte Funktionen auf unserer Website zu erm\u00f6glichen, verwenden wir auf mehreren unserer Webseiten Cookies. Cookies sind kleine Textdateien, die auf Ihrem Computer gespeichert werden. Die meisten unserer Cookies werden automatisch gel\u00f6scht, wenn Sie den Browser verlassen. Andere bleiben auf Ihrem Computer gespeichert, um Ihre n\u00e4chsten Besuche auf unserer Website effizienter und schneller zu gestalten.  Unsere Partnerfirmen d\u00fcrfen diese Cookies nicht verwenden, um Ihre personenbezogenen Daten zu verarbeiten oder zur Kenntnis zu nehmen. Wenn Sie keine Cookies auf Ihrem Computer speichern m\u00f6chten oder \u00fcber die Speicherung informiert werden m\u00f6chten, k\u00f6nnen Sie die Installation von Cookies verhindern, indem Sie die Einstellungen Ihres Browsers anpassen.<\/p>\n<p>\u00a0<\/p>\n<h3><strong>Widerrufsrecht<\/strong><\/h3>\n<p>Die Verbraucherinnen und Verbraucher verf\u00fcgen \u00fcber ein Widerrufsrecht unter Einhaltung einer Frist von mindestens 48 Stunden vor dem Lieferdatum der Ware. Die Stornierung muss schriftlich erfolgen an\u00a0<a href=\"mailto:commandes@opaline-factory.ch\">commandes@opaline-factory.ch<\/a>.<\/p>\n<p>\u00a0<\/p>\n<h3><strong>Zust\u00e4ndiges Gericht<\/strong><\/h3>\n<p>Unserer Gesch\u00e4ftst\u00e4tigkeit unterliegt ausschliesslich dem Schweizer Recht. Die Unwirksamkeit einzelner Bestimmungen in diesem Vertrag f\u00fchrt nicht dazu, dass der gesamte Vertrag unwirksam wird. Die Parteien w\u00e4hlen als Gerichtsstand die Kanzlei des Gerichts Wallis.<\/p>\n<p>\u00a0<\/p>\n<h3><strong>Vollst\u00e4ndige Kontaktdaten von Opaline SA<\/strong><\/p>\n<\/h3>\n<p><strong>Name<\/strong>: Opaline SA<br \/><strong>Anschrift<\/strong>: La Rosi\u00e8re 10, 1937 Orsi\u00e8res<br \/><strong>E-Mail<\/strong>:\u00a0<a href=\"mailto:info@opaline-factory.ch\">info@opaline-factory.ch<\/a><br \/><strong>Tel.-Nr.<\/strong>: +41 79 526 88 15<\/p>\n<p>Bei Fragen zu den Allgemeinen Gesch\u00e4ftsbedingungen (AGB) wenden Sie sich bitte an\u00a0<a href=\"mailto:info@opaline-factory.ch\">info@opaline-factory.ch<\/a>.<\/p>\n\t\t\t\t\t\t<\/div>\n\t\t\t\t<\/div>\n\t\t\t\t\t<\/div>\n\t\t\t\t<\/div>\n\t\t\t\t<\/div>\n\t\t","protected":false},"excerpt":{"rendered":"<p>Allgemeine Gesch\u00e4ftsbedingungen f\u00fcr unseren Onlineshop Opashop Geltungsbereich Diese Website f\u00fcr den Onlineverkauf der Produkte aus dem Hause Opaline ist Eigentum des Unternehmens Opaline SA, La Rosi\u00e8re 10, 1937 Orsi\u00e8res. Dei vorliegenden Allgemeinen Gesch\u00e4ftsbedingungen (nachfolgend AGB) gelten f\u00fcr alle Vertr\u00e4ge, die mit Ihnen in Ihrer Eigenschaft als Kunde\/Kundin (Sie, Ihre) und uns in unserer Eigenschaft als [&hellip;]<\/p>\n","protected":false},"author":1,"featured_media":0,"parent":0,"menu_order":0,"comment_status":"closed","ping_status":"closed","template":"","meta":{"_acf_changed":false,"footnotes":""},"class_list":["post-33372","page","type-page","status-publish","hentry"],"acf":[],"_links":{"self":[{"href":"https:\/\/www.opaline-factory.ch\/de\/wp-json\/wp\/v2\/pages\/33372","targetHints":{"allow":["GET"]}}],"collection":[{"href":"https:\/\/www.opaline-factory.ch\/de\/wp-json\/wp\/v2\/pages"}],"about":[{"href":"https:\/\/www.opaline-factory.ch\/de\/wp-json\/wp\/v2\/types\/page"}],"author":[{"embeddable":true,"href":"https:\/\/www.opaline-factory.ch\/de\/wp-json\/wp\/v2\/users\/1"}],"replies":[{"embeddable":true,"href":"https:\/\/www.opaline-factory.ch\/de\/wp-json\/wp\/v2\/comments?post=33372"}],"version-history":[{"count":0,"href":"https:\/\/www.opaline-factory.ch\/de\/wp-json\/wp\/v2\/pages\/33372\/revisions"}],"wp:attachment":[{"href":"https:\/\/www.opaline-factory.ch\/de\/wp-json\/wp\/v2\/media?parent=33372"}],"curies":[{"name":"wp","href":"https:\/\/api.w.org\/{rel}","templated":true}]}}